{"id":328,"date":"2013-10-06T19:27:50","date_gmt":"2013-10-06T17:27:50","guid":{"rendered":"http:\/\/ngweb.netnea.com\/cms\/?page_id=328"},"modified":"2025-11-07T12:58:45","modified_gmt":"2025-11-07T11:58:45","slug":"apache_tutorial_3_applikationsserver_aufsetzen","status":"publish","type":"page","link":"https:\/\/www.netnea.com\/cms\/apache_tutorial_3_applikationsserver_aufsetzen\/","title":{"rendered":"Aufsetzen eines Apache\/PHP Applikationsservers"},"content":{"rendered":"<p>Diese Serie von deutschsprachigen Apache \/ ModSecurity \/ OWASP CRS Tutorials wurde beendet. Es macht heute keinen Sinn mehr zwei Sprachversionen parallel zu unterhalten, da vorhandene \u00dcbersetzungssoftware das Problem in hinreichender Qualit\u00e4t l\u00f6st. Der richtige ZUgang ist also via die englischen <a href=\"https:\/\/www.netnea.com\/cms\/apache-tutorials\/\" data-type=\"link\" data-id=\"https:\/\/www.netnea.com\/cms\/apache-tutorials\/\">Apache \/ ModSecurity \/ OWASP CRS<\/a> Tutorials (oder <a href=\"https:\/\/www.archive.org\" data-type=\"link\" data-id=\"https:\/\/www.archive.org\">www.archive.org<\/a> das die veralteten deutschen Versionen verwahrt. Sie m\u00fcssen dort aber einzeln mit der URL gesucht werden).<\/p>\n","protected":false},"excerpt":{"rendered":"<p>Diese Serie von deutschsprachigen Apache \/ ModSecurity \/ OWASP CRS Tutorials wurde beendet. Es macht heute keinen Sinn mehr zwei Sprachversionen parallel zu unterhalten, da vorhandene \u00dcbersetzungssoftware das Problem in hinreichender Qualit\u00e4t l\u00f6st. Der richtige ZUgang ist also via die englischen Apache \/ ModSecurity \/ OWASP CRS Tutorials (oder www.archive.org das die veralteten deutschen Versionen [&hellip;]<\/p>\n","protected":false},"author":3,"featured_media":0,"parent":0,"menu_order":0,"comment_status":"closed","ping_status":"open","template":"","meta":{"footnotes":""},"class_list":["post-328","page","type-page","status-publish","czr-hentry"],"_links":{"self":[{"href":"https:\/\/www.netnea.com\/cms\/wp-json\/wp\/v2\/pages\/328","targetHints":{"allow":["GET"]}}],"collection":[{"href":"https:\/\/www.netnea.com\/cms\/wp-json\/wp\/v2\/pages"}],"about":[{"href":"https:\/\/www.netnea.com\/cms\/wp-json\/wp\/v2\/types\/page"}],"author":[{"embeddable":true,"href":"https:\/\/www.netnea.com\/cms\/wp-json\/wp\/v2\/users\/3"}],"replies":[{"embeddable":true,"href":"https:\/\/www.netnea.com\/cms\/wp-json\/wp\/v2\/comments?post=328"}],"version-history":[{"count":3,"href":"https:\/\/www.netnea.com\/cms\/wp-json\/wp\/v2\/pages\/328\/revisions"}],"predecessor-version":[{"id":2080,"href":"https:\/\/www.netnea.com\/cms\/wp-json\/wp\/v2\/pages\/328\/revisions\/2080"}],"wp:attachment":[{"href":"https:\/\/www.netnea.com\/cms\/wp-json\/wp\/v2\/media?parent=328"}],"curies":[{"name":"wp","href":"https:\/\/api.w.org\/{rel}","templated":true}]}}